{"id":12949,"date":"2026-01-23T18:43:00","date_gmt":"2026-01-23T18:43:00","guid":{"rendered":"https:\/\/exploresales.shop\/?post_type=product&#038;p=12949"},"modified":"2026-01-30T01:37:29","modified_gmt":"2026-01-30T01:37:29","slug":"pistachio-knafeh-chocolate-bar-spread-bundle","status":"publish","type":"product","link":"https:\/\/exploresales.shop\/da\/vare\/pistachio-knafeh-chocolate-bar-spread-bundle\/","title":{"rendered":"Pistacie Knafeh Chokoladebar &amp; Spread Bundle"},"content":{"rendered":"<p><img loading=\"lazy\" decoding=\"async\" class=\"alignnone size-full wp-image-12955\" src=\"https:\/\/exploresales.shop\/wp-content\/uploads\/2026\/01\/DSC03798-Edit.webp\" alt=\"\" width=\"713\" height=\"713\" srcset=\"https:\/\/exploresales.shop\/wp-content\/uploads\/2026\/01\/DSC03798-Edit.webp 713w, https:\/\/exploresales.shop\/wp-content\/uploads\/2026\/01\/DSC03798-Edit-300x300.webp 300w, https:\/\/exploresales.shop\/wp-content\/uploads\/2026\/01\/DSC03798-Edit-150x150.webp 150w, https:\/\/exploresales.shop\/wp-content\/uploads\/2026\/01\/DSC03798-Edit-12x12.webp 12w, https:\/\/exploresales.shop\/wp-content\/uploads\/2026\/01\/DSC03798-Edit-600x600.webp 600w, https:\/\/exploresales.shop\/wp-content\/uploads\/2026\/01\/DSC03798-Edit-100x100.webp 100w, https:\/\/exploresales.shop\/wp-content\/uploads\/2026\/01\/DSC03798-Edit-50x50.webp 50w, https:\/\/exploresales.shop\/wp-content\/uploads\/2026\/01\/DSC03798-Edit-1x1.webp 1w, https:\/\/exploresales.shop\/wp-content\/uploads\/2026\/01\/DSC03798-Edit-10x10.webp 10w\" sizes=\"auto, (max-width: 713px) 100vw, 713px\" \/> <img loading=\"lazy\" decoding=\"async\" class=\"alignnone size-full wp-image-12956\" src=\"https:\/\/exploresales.shop\/wp-content\/uploads\/2026\/01\/DSC03848-Edit-1.webp\" alt=\"\" width=\"713\" height=\"713\" srcset=\"https:\/\/exploresales.shop\/wp-content\/uploads\/2026\/01\/DSC03848-Edit-1.webp 713w, https:\/\/exploresales.shop\/wp-content\/uploads\/2026\/01\/DSC03848-Edit-1-300x300.webp 300w, https:\/\/exploresales.shop\/wp-content\/uploads\/2026\/01\/DSC03848-Edit-1-150x150.webp 150w, https:\/\/exploresales.shop\/wp-content\/uploads\/2026\/01\/DSC03848-Edit-1-12x12.webp 12w, https:\/\/exploresales.shop\/wp-content\/uploads\/2026\/01\/DSC03848-Edit-1-600x600.webp 600w, https:\/\/exploresales.shop\/wp-content\/uploads\/2026\/01\/DSC03848-Edit-1-100x100.webp 100w, https:\/\/exploresales.shop\/wp-content\/uploads\/2026\/01\/DSC03848-Edit-1-50x50.webp 50w, https:\/\/exploresales.shop\/wp-content\/uploads\/2026\/01\/DSC03848-Edit-1-1x1.webp 1w, https:\/\/exploresales.shop\/wp-content\/uploads\/2026\/01\/DSC03848-Edit-1-10x10.webp 10w\" sizes=\"auto, (max-width: 713px) 100vw, 713px\" \/><\/p>\n<h2 data-start=\"274\" data-end=\"328\">En viral mellem\u00f8st-inspireret godbid som ingen anden<\/h2>\n<p data-start=\"330\" data-end=\"642\">Fork\u00e6l dig selv med den ultimative dessertoplevelse med vores\u00a0<strong data-start=\"382\" data-end=\"440\">Pistacie Knafeh Chokoladebar &amp; Crunchy Spread Bundle<\/strong>, Inspireret af Dubais rige, ikoniske smagsoplevelser. Dette luksuri\u00f8se s\u00e6t kombinerer silkebl\u00f8d m\u00e6lkechokolade med en knasende, n\u00f8ddeagtig pistaciespread for at give dig et s\u00f8dt \u00f8jeblik, du vil genopleve igen og igen.<\/p>\n<h3 data-start=\"644\" data-end=\"662\">Hvad der er indeni:<\/h3>\n<ul data-start=\"663\" data-end=\"1104\">\n<li data-start=\"663\" data-end=\"843\">\n<p data-start=\"665\" data-end=\"843\">\ud83c\udf6b\u00a0<strong data-start=\"668\" data-end=\"707\">Pistacie Knafeh M\u00e6lkechokoladebar<\/strong>\u00a0- Bl\u00f8d, f\u00f8rsteklasses m\u00e6lkechokolade fyldt med cremet fyld med smag af pistacie og knafeh. Den er fyldig, overb\u00e6rende og smelter p\u00e5 tungen.<\/p>\n<\/li>\n<li data-start=\"844\" data-end=\"1104\">\n<p data-start=\"846\" data-end=\"1104\">\ud83d\udfe2\u00a0<strong data-start=\"849\" data-end=\"890\">Pistacie Knafeh knasende sm\u00f8rep\u00e5l\u00e6g (krukke)<\/strong>\u00a0- En dekadent dessertsm\u00f8rep\u00e5l\u00e6g lavet med\u00a0<strong data-start=\"929\" data-end=\"966\">Ristet kataifi (strimlet wienerbr\u00f8d)<\/strong>\u00a0og pistaciesauce for den perfekte balance mellem\u00a0<strong data-start=\"1014\" data-end=\"1034\">Knas og fl\u00f8de<\/strong>. Brug den p\u00e5 toast, pandekager, frugt, eller nyd den direkte fra glasset.<\/p>\n<\/li>\n<\/ul>\n<p data-start=\"1106\" data-end=\"1318\">Denne pakke er\u00a0<strong data-start=\"1121\" data-end=\"1139\">halal-venlig<\/strong>\u00a0og lavet til elskere af unikke, kulturelt inspirerede l\u00e6kkerier. Uanset om du k\u00f8ber den som gave eller beholder den til dig selv (vi bebrejder dig ikke), er den en garanteret publikumsmagnet.<\/p>\n<hr data-start=\"1320\" data-end=\"1323\" \/>\n<h3 data-start=\"1325\" data-end=\"1353\">Hvorfor alle er besatte:<\/h3>\n<ul data-start=\"1354\" data-end=\"1591\">\n<li data-start=\"1354\" data-end=\"1415\">\n<p data-start=\"1356\" data-end=\"1415\">\u2705 Inspireret af de virale pistacie-knafeh-smagsvarianter i Dubai<\/p>\n<\/li>\n<li data-start=\"1416\" data-end=\"1470\">\n<p data-start=\"1418\" data-end=\"1470\">\u2705 Spr\u00f8de og cremede teksturer i \u00e9n l\u00e6kker kombination<\/p>\n<\/li>\n<li data-start=\"1471\" data-end=\"1503\">\n<p data-start=\"1473\" data-end=\"1503\">\u2705 Halal-venlige ingredienser<\/p>\n<\/li>\n<li data-start=\"1504\" data-end=\"1539\">\n<p data-start=\"1506\" data-end=\"1539\">\u2705 \u00c6stetisk, gavevenlig emballage<\/p>\n<\/li>\n<li data-start=\"1540\" data-end=\"1591\">\n<p data-start=\"1542\" data-end=\"1591\">\u2705 Fremh\u00e6vet i foodie TikToks, reels &amp; unboxings<\/p>\n<\/li>\n<\/ul>","protected":false},"excerpt":{"rendered":"<p>A Viral Middle Eastern-Inspired Treat Like No Other Indulge in the ultimate dessert experience with our\u00a0Pistachio Knafeh Chocolate Bar &amp;&#8230;<\/p>","protected":false},"featured_media":12955,"comment_status":"open","ping_status":"closed","template":"","meta":{"_acf_changed":false},"etheme_brands":[],"product_brand":[],"product_cat":[118],"product_tag":[],"class_list":{"0":"post-12949","1":"product","2":"type-product","3":"status-publish","4":"has-post-thumbnail","6":"product_cat-sale-shop","8":"first","9":"instock","10":"sale","11":"shipping-taxable","12":"purchasable","13":"product-type-simple"},"acf":[],"_links":{"self":[{"href":"https:\/\/exploresales.shop\/da\/wp-json\/wp\/v2\/product\/12949","targetHints":{"allow":["GET"]}}],"collection":[{"href":"https:\/\/exploresales.shop\/da\/wp-json\/wp\/v2\/product"}],"about":[{"href":"https:\/\/exploresales.shop\/da\/wp-json\/wp\/v2\/types\/product"}],"replies":[{"embeddable":true,"href":"https:\/\/exploresales.shop\/da\/wp-json\/wp\/v2\/comments?post=12949"}],"version-history":[{"count":1,"href":"https:\/\/exploresales.shop\/da\/wp-json\/wp\/v2\/product\/12949\/revisions"}],"predecessor-version":[{"id":12960,"href":"https:\/\/exploresales.shop\/da\/wp-json\/wp\/v2\/product\/12949\/revisions\/12960"}],"wp:featuredmedia":[{"embeddable":true,"href":"https:\/\/exploresales.shop\/da\/wp-json\/wp\/v2\/media\/12955"}],"wp:attachment":[{"href":"https:\/\/exploresales.shop\/da\/wp-json\/wp\/v2\/media?parent=12949"}],"wp:term":[{"taxonomy":"brand","embeddable":true,"href":"https:\/\/exploresales.shop\/da\/wp-json\/wp\/v2\/etheme_brands?post=12949"},{"taxonomy":"product_brand","embeddable":true,"href":"https:\/\/exploresales.shop\/da\/wp-json\/wp\/v2\/product_brand?post=12949"},{"taxonomy":"product_cat","embeddable":true,"href":"https:\/\/exploresales.shop\/da\/wp-json\/wp\/v2\/product_cat?post=12949"},{"taxonomy":"product_tag","embeddable":true,"href":"https:\/\/exploresales.shop\/da\/wp-json\/wp\/v2\/product_tag?post=12949"}],"curies":[{"name":"wp","href":"https:\/\/api.w.org\/{rel}","templated":true}]}}