{"id":13484,"date":"2026-03-31T01:59:54","date_gmt":"2026-03-31T01:59:54","guid":{"rendered":"https:\/\/exploresales.shop\/?post_type=product&#038;p=13484"},"modified":"2026-03-31T02:05:32","modified_gmt":"2026-03-31T02:05:32","slug":"hzuaneri-arbol-rascador-grande-210-cm-de-alto-arbol-para-gatos-con-8-arboles-rascadores-2-cuevas-plataformas-grandes-alfombrilla-lavable-hamaca-pelotas-de-peluche-arbol-rascador-para-gatos-de","status":"publish","type":"product","link":"https:\/\/exploresales.shop\/da\/vare\/hzuaneri-arbol-rascador-grande-210-cm-de-alto-arbol-para-gatos-con-8-arboles-rascadores-2-cuevas-plataformas-grandes-alfombrilla-lavable-hamaca-pelotas-de-peluche-arbol-rascador-para-gatos-de\/","title":{"rendered":"Hzuaneri \u00e1rbol rascador grande, 210 cm de alto, \u00e1rbol para gatos, con 8 \u00e1rboles rascadores, 2 cuevas, plataformas grandes, alfombrilla lavable, hamaca, pelotas de peluche, \u00e1rbol rascador para gatos de varios niveles"},"content":{"rendered":"<div data-elementor-type=\"product-post\" data-elementor-id=\"13484\" class=\"elementor elementor-13484\" data-elementor-post-type=\"product\">\n\t\t\t\t<div class=\"elementor-element elementor-element-723c594e e-grid e-con-boxed e-con e-parent\" data-id=\"723c594e\" data-element_type=\"container\" data-settings=\"{&quot;ekit_has_onepagescroll_dot&quot;:&quot;yes&quot;}\">\n\t\t\t\t\t<div class=\"e-con-inner\">\n\t\t\t\t<div class=\"elementor-element elementor-element-3b9132d elementor-widget elementor-widget-video\" data-id=\"3b9132d\" data-element_type=\"widget\" data-settings=\"{&quot;video_type&quot;:&quot;hosted&quot;,&quot;controls&quot;:&quot;yes&quot;,&quot;ekit_we_effect_on&quot;:&quot;none&quot;}\" data-widget_type=\"video.default\">\n\t\t\t\t<div class=\"elementor-widget-container\">\n\t\t\t\t\t\t\t<div class=\"e-hosted-video elementor-wrapper elementor-open-inline\">\n\t\t\t\t\t<video class=\"elementor-video\" src=\"https:\/\/exploresales.shop\/wp-content\/uploads\/2026\/03\/video_2026-03-09_15-41-56-1.mp4\" controls=\"\" preload=\"metadata\" controlslist=\"nodownload\"><\/video>\n\t\t\t\t<\/div>\n\t\t\t\t\t\t<\/div>\n\t\t\t\t<\/div>\n\t\t\t\t<div class=\"elementor-element elementor-element-3f566352 elementor-widget elementor-widget-text-editor\" data-id=\"3f566352\" data-element_type=\"widget\" data-settings=\"{&quot;ekit_we_effect_on&quot;:&quot;none&quot;}\" data-widget_type=\"text-editor.default\">\n\t\t\t\t<div class=\"elementor-widget-container\">\n\t\t\t\t\t\t\t\t\t<!DOCTYPE html>\n<html lang=\"en\">\n<head>\n<meta charset=\"UTF-8\">\n<meta name=\"viewport\" content=\"width=device-width, initial-scale=1.0\">\n<title>Product Information<\/title>\n<style>\n  \/* \u5168\u5c40\u91cd\u7f6e\uff1a\u6d88\u9664\u9ed8\u8ba4\u6837\u5f0f\u5e72\u6270 *\/\n  * {\n    margin: 0;\n    padding: 0;\n    box-sizing: border-box;\n  }\n  \/* \u7eaf\u900f\u660e\u9875\u9762\u80cc\u666f\uff0c\u4f18\u5316\u5b57\u4f53\u8d28\u611f *\/\n  body {\n    background: transparent;\n    font-family: 'Inter', 'Segoe UI', system-ui, sans-serif;\n    -webkit-font-smoothing: antialiased;\n    padding: 20px 0;\n  }\n  \/* \u6838\u5fc3\u8868\u683c\uff1a\u6ee1\u5bbd+\u7ec6\u817b\u6392\u7248 *\/\n  .spec-table {\n    width: 99.5%;\n    margin: 0 auto;\n    border-collapse: collapse;\n    font-size: 14px;\n    color: #333;\n    line-height: 1.8;\n    letter-spacing: 0.1px;\n  }\n  \/* \u5185\u5bb9\u884c\uff1a\u4f4e\u900f\u660e\u5ea6\u4e0b\u5212\u7ebf\uff0c\u65e0\u5e95\u8272 *\/\n  .spec-table tr {\n    border-bottom: 1px solid rgba(210, 210, 210, 0.3);\n    transition: all 0.4s cubic-bezier(0.16, 1, 0.3, 1);\n    background: transparent;\n  }\n  \/* \u6700\u540e\u4e00\u884c\u4e0b\u5212\u7ebf\u5f3a\u5316\uff0c\u6536\u5c3e\u66f4\u5229\u843d *\/\n  .spec-table tr:last-child {\n    border-bottom: 1px solid rgba(200, 200, 200, 0.6);\n  }\n  \/* \u5355\u5143\u683c\uff1a\u4f18\u5316\u95f4\u8ddd+\u7eaf\u900f\u660e+\u4e24\u5217\u5bbd\u5ea6\u5206\u914d *\/\n  .spec-table td {\n    padding: 16px 20px;\n    text-align: left;\n    vertical-align: middle;\n    background: transparent;\n    word-break: break-word;\n  }\n  \/* \u4e24\u5217\u5e03\u5c40\uff1a\u9002\u914d\u957f\u53c2\u6570\u540d\uff08\u5982Warranty Description\uff09 *\/\n  .spec-table td:first-child {\n    width: 40%;\n    font-weight: 500;\n    color: #222;\n  }\n  .spec-table td:last-child {\n    width: 60%;\n    color: #555;\n  }\n  \/* hover\u4ea4\u4e92\uff1a\u8f7b\u76c8\u4f4d\u79fb+\u4e0b\u5212\u7ebf\u5fae\u4eae\uff0c\u63d0\u5347\u8d28\u611f *\/\n  .spec-table tr:hover {\n    transform: translateX(3px);\n    border-bottom-color: rgba(160, 160, 160, 0.5);\n    background: transparent !important;\n  }\n  .spec-table tr:hover td {\n    color: #171717;\n  }\n  \/* \u79fb\u52a8\u7aef\u9002\u914d\uff1a\u4f18\u5316\u95f4\u8ddd\u548c\u5217\u5bbd *\/\n  @media (max-width: 768px) {\n    .spec-table {\n      width: 98%;\n      font-size: 13px;\n      line-height: 1.7;\n    }\n    .spec-table td {\n      padding: 14px 16px;\n    }\n    .spec-table td:first-child {width: 35%;}\n    .spec-table td:last-child {width: 65%;}\n    .spec-table tr:hover {transform: translateX(2px);}\n  }\n<\/style>\n<\/head>\n<body>\n\n<table class=\"spec-table\">\n  <tr>\n    <td>Target Audience Keyword<\/td>\n    <td>Cats<\/td>\n  <\/tr>\n  <tr>\n    <td>Directions<\/td>\n    <td>Cats<\/td>\n  <\/tr>\n  <tr>\n    <td>Warranty Description<\/td>\n    <td>1 Year<\/td>\n  <\/tr>\n  <tr>\n    <td>Model Name<\/td>\n    <td>Cat Tree<\/td>\n  <\/tr>\n  <tr>\n    <td>Farve<\/td>\n    <td>Light Gray<\/td>\n  <\/tr>\n  <tr>\n    <td>Materiale<\/td>\n    <td>Particleboard, Plush, Sisal<\/td>\n  <\/tr>\n  <tr>\n    <td>Stil<\/td>\n    <td>Moderne<\/td>\n  <\/tr>\n<\/table>\n\n<\/body>\n<\/html>\t\t\t\t\t\t\t\t<\/div>\n\t\t\t\t<\/div>\n\t\t\t\t\t<\/div>\n\t\t\t\t<\/div>\n\t\t<div class=\"elementor-element elementor-element-5b677bec e-flex e-con-boxed e-con e-parent\" data-id=\"5b677bec\" data-element_type=\"container\" data-settings=\"{&quot;ekit_has_onepagescroll_dot&quot;:&quot;yes&quot;}\">\n\t\t\t\t\t<div class=\"e-con-inner\">\n\t\t\t\t<div class=\"elementor-element elementor-element-58a04cf4 elementor-widget elementor-widget-image\" data-id=\"58a04cf4\" data-element_type=\"widget\" data-settings=\"{&quot;ekit_we_effect_on&quot;:&quot;none&quot;}\" data-widget_type=\"image.default\">\n\t\t\t\t<div class=\"elementor-widget-container\">\n\t\t\t\t\t\t\t\t\t\t\t\t\t\t\t<img loading=\"lazy\" decoding=\"async\" width=\"1464\" height=\"600\" src=\"https:\/\/exploresales.shop\/wp-content\/uploads\/2026\/03\/4cbbd95a-11bb-4516-9216-e03a8c7b2d11.__CR001464600_PT0_SX1464_V1___.jpg\" class=\"attachment-full size-full wp-image-13498 wvs-archive-product-image\" alt=\"\" srcset=\"https:\/\/exploresales.shop\/wp-content\/uploads\/2026\/03\/4cbbd95a-11bb-4516-9216-e03a8c7b2d11.__CR001464600_PT0_SX1464_V1___.jpg 1464w, https:\/\/exploresales.shop\/wp-content\/uploads\/2026\/03\/4cbbd95a-11bb-4516-9216-e03a8c7b2d11.__CR001464600_PT0_SX1464_V1___-300x123.jpg 300w, https:\/\/exploresales.shop\/wp-content\/uploads\/2026\/03\/4cbbd95a-11bb-4516-9216-e03a8c7b2d11.__CR001464600_PT0_SX1464_V1___-1024x420.jpg 1024w, https:\/\/exploresales.shop\/wp-content\/uploads\/2026\/03\/4cbbd95a-11bb-4516-9216-e03a8c7b2d11.__CR001464600_PT0_SX1464_V1___-768x315.jpg 768w, https:\/\/exploresales.shop\/wp-content\/uploads\/2026\/03\/4cbbd95a-11bb-4516-9216-e03a8c7b2d11.__CR001464600_PT0_SX1464_V1___-18x7.jpg 18w, https:\/\/exploresales.shop\/wp-content\/uploads\/2026\/03\/4cbbd95a-11bb-4516-9216-e03a8c7b2d11.__CR001464600_PT0_SX1464_V1___-600x246.jpg 600w, https:\/\/exploresales.shop\/wp-content\/uploads\/2026\/03\/4cbbd95a-11bb-4516-9216-e03a8c7b2d11.__CR001464600_PT0_SX1464_V1___-1x1.jpg 1w, https:\/\/exploresales.shop\/wp-content\/uploads\/2026\/03\/4cbbd95a-11bb-4516-9216-e03a8c7b2d11.__CR001464600_PT0_SX1464_V1___-10x4.jpg 10w\" sizes=\"auto, (max-width: 1464px) 100vw, 1464px\" \/>\t\t\t\t\t\t\t\t\t\t\t\t\t\t\t<\/div>\n\t\t\t\t<\/div>\n\t\t\t\t<div class=\"elementor-element elementor-element-6ce5958 elementor-widget elementor-widget-image\" data-id=\"6ce5958\" data-element_type=\"widget\" data-settings=\"{&quot;ekit_we_effect_on&quot;:&quot;none&quot;}\" data-widget_type=\"image.default\">\n\t\t\t\t<div class=\"elementor-widget-container\">\n\t\t\t\t\t\t\t\t\t\t\t\t\t\t\t<img loading=\"lazy\" decoding=\"async\" width=\"1464\" height=\"600\" src=\"https:\/\/exploresales.shop\/wp-content\/uploads\/2026\/03\/16a4356d-6ca4-410f-82b5-846e5addbff8.__CR001464600_PT0_SX1464_V1___.jpg\" class=\"attachment-full size-full wp-image-13499 wvs-archive-product-image\" alt=\"\" srcset=\"https:\/\/exploresales.shop\/wp-content\/uploads\/2026\/03\/16a4356d-6ca4-410f-82b5-846e5addbff8.__CR001464600_PT0_SX1464_V1___.jpg 1464w, https:\/\/exploresales.shop\/wp-content\/uploads\/2026\/03\/16a4356d-6ca4-410f-82b5-846e5addbff8.__CR001464600_PT0_SX1464_V1___-300x123.jpg 300w, https:\/\/exploresales.shop\/wp-content\/uploads\/2026\/03\/16a4356d-6ca4-410f-82b5-846e5addbff8.__CR001464600_PT0_SX1464_V1___-1024x420.jpg 1024w, https:\/\/exploresales.shop\/wp-content\/uploads\/2026\/03\/16a4356d-6ca4-410f-82b5-846e5addbff8.__CR001464600_PT0_SX1464_V1___-768x315.jpg 768w, https:\/\/exploresales.shop\/wp-content\/uploads\/2026\/03\/16a4356d-6ca4-410f-82b5-846e5addbff8.__CR001464600_PT0_SX1464_V1___-18x7.jpg 18w, https:\/\/exploresales.shop\/wp-content\/uploads\/2026\/03\/16a4356d-6ca4-410f-82b5-846e5addbff8.__CR001464600_PT0_SX1464_V1___-600x246.jpg 600w, https:\/\/exploresales.shop\/wp-content\/uploads\/2026\/03\/16a4356d-6ca4-410f-82b5-846e5addbff8.__CR001464600_PT0_SX1464_V1___-1x1.jpg 1w, https:\/\/exploresales.shop\/wp-content\/uploads\/2026\/03\/16a4356d-6ca4-410f-82b5-846e5addbff8.__CR001464600_PT0_SX1464_V1___-10x4.jpg 10w\" sizes=\"auto, (max-width: 1464px) 100vw, 1464px\" \/>\t\t\t\t\t\t\t\t\t\t\t\t\t\t\t<\/div>\n\t\t\t\t<\/div>\n\t\t\t\t<div class=\"elementor-element elementor-element-551c9ca1 elementor-widget elementor-widget-image\" data-id=\"551c9ca1\" data-element_type=\"widget\" data-settings=\"{&quot;ekit_we_effect_on&quot;:&quot;none&quot;}\" data-widget_type=\"image.default\">\n\t\t\t\t<div class=\"elementor-widget-container\">\n\t\t\t\t\t\t\t\t\t\t\t\t\t\t\t<img loading=\"lazy\" decoding=\"async\" width=\"1464\" height=\"600\" src=\"https:\/\/exploresales.shop\/wp-content\/uploads\/2026\/03\/e67c865c-2610-4378-b216-15370196fb9d.__CR001464600_PT0_SX1464_V1___-1.jpg\" class=\"attachment-full size-full wp-image-13500 wvs-archive-product-image\" alt=\"\" srcset=\"https:\/\/exploresales.shop\/wp-content\/uploads\/2026\/03\/e67c865c-2610-4378-b216-15370196fb9d.__CR001464600_PT0_SX1464_V1___-1.jpg 1464w, https:\/\/exploresales.shop\/wp-content\/uploads\/2026\/03\/e67c865c-2610-4378-b216-15370196fb9d.__CR001464600_PT0_SX1464_V1___-1-300x123.jpg 300w, https:\/\/exploresales.shop\/wp-content\/uploads\/2026\/03\/e67c865c-2610-4378-b216-15370196fb9d.__CR001464600_PT0_SX1464_V1___-1-1024x420.jpg 1024w, https:\/\/exploresales.shop\/wp-content\/uploads\/2026\/03\/e67c865c-2610-4378-b216-15370196fb9d.__CR001464600_PT0_SX1464_V1___-1-768x315.jpg 768w, https:\/\/exploresales.shop\/wp-content\/uploads\/2026\/03\/e67c865c-2610-4378-b216-15370196fb9d.__CR001464600_PT0_SX1464_V1___-1-18x7.jpg 18w, https:\/\/exploresales.shop\/wp-content\/uploads\/2026\/03\/e67c865c-2610-4378-b216-15370196fb9d.__CR001464600_PT0_SX1464_V1___-1-600x246.jpg 600w, https:\/\/exploresales.shop\/wp-content\/uploads\/2026\/03\/e67c865c-2610-4378-b216-15370196fb9d.__CR001464600_PT0_SX1464_V1___-1-1x1.jpg 1w, https:\/\/exploresales.shop\/wp-content\/uploads\/2026\/03\/e67c865c-2610-4378-b216-15370196fb9d.__CR001464600_PT0_SX1464_V1___-1-10x4.jpg 10w\" sizes=\"auto, (max-width: 1464px) 100vw, 1464px\" \/>\t\t\t\t\t\t\t\t\t\t\t\t\t\t\t<\/div>\n\t\t\t\t<\/div>\n\t\t\t\t<div class=\"elementor-element elementor-element-2e6de84f elementor-widget elementor-widget-image\" data-id=\"2e6de84f\" data-element_type=\"widget\" data-settings=\"{&quot;ekit_we_effect_on&quot;:&quot;none&quot;}\" data-widget_type=\"image.default\">\n\t\t\t\t<div class=\"elementor-widget-container\">\n\t\t\t\t\t\t\t\t\t\t\t\t\t\t\t<img loading=\"lazy\" decoding=\"async\" width=\"1464\" height=\"600\" src=\"https:\/\/exploresales.shop\/wp-content\/uploads\/2026\/03\/fb4d6f90-5aba-4d8d-a89e-6c720815faf5.__CR001464600_PT0_SX1464_V1___-1.jpg\" class=\"attachment-full size-full wp-image-13501 wvs-archive-product-image\" alt=\"\" srcset=\"https:\/\/exploresales.shop\/wp-content\/uploads\/2026\/03\/fb4d6f90-5aba-4d8d-a89e-6c720815faf5.__CR001464600_PT0_SX1464_V1___-1.jpg 1464w, https:\/\/exploresales.shop\/wp-content\/uploads\/2026\/03\/fb4d6f90-5aba-4d8d-a89e-6c720815faf5.__CR001464600_PT0_SX1464_V1___-1-300x123.jpg 300w, https:\/\/exploresales.shop\/wp-content\/uploads\/2026\/03\/fb4d6f90-5aba-4d8d-a89e-6c720815faf5.__CR001464600_PT0_SX1464_V1___-1-1024x420.jpg 1024w, https:\/\/exploresales.shop\/wp-content\/uploads\/2026\/03\/fb4d6f90-5aba-4d8d-a89e-6c720815faf5.__CR001464600_PT0_SX1464_V1___-1-768x315.jpg 768w, https:\/\/exploresales.shop\/wp-content\/uploads\/2026\/03\/fb4d6f90-5aba-4d8d-a89e-6c720815faf5.__CR001464600_PT0_SX1464_V1___-1-18x7.jpg 18w, https:\/\/exploresales.shop\/wp-content\/uploads\/2026\/03\/fb4d6f90-5aba-4d8d-a89e-6c720815faf5.__CR001464600_PT0_SX1464_V1___-1-600x246.jpg 600w, https:\/\/exploresales.shop\/wp-content\/uploads\/2026\/03\/fb4d6f90-5aba-4d8d-a89e-6c720815faf5.__CR001464600_PT0_SX1464_V1___-1-1x1.jpg 1w, https:\/\/exploresales.shop\/wp-content\/uploads\/2026\/03\/fb4d6f90-5aba-4d8d-a89e-6c720815faf5.__CR001464600_PT0_SX1464_V1___-1-10x4.jpg 10w\" sizes=\"auto, (max-width: 1464px) 100vw, 1464px\" \/>\t\t\t\t\t\t\t\t\t\t\t\t\t\t\t<\/div>\n\t\t\t\t<\/div>\n\t\t\t\t<div class=\"elementor-element elementor-element-570fe040 elementor--h-position-center elementor--v-position-middle elementor-arrows-position-inside elementor-pagination-position-inside elementor-widget elementor-widget-slides\" data-id=\"570fe040\" data-element_type=\"widget\" data-settings=\"{&quot;navigation&quot;:&quot;both&quot;,&quot;autoplay&quot;:&quot;yes&quot;,&quot;pause_on_hover&quot;:&quot;yes&quot;,&quot;pause_on_interaction&quot;:&quot;yes&quot;,&quot;autoplay_speed&quot;:5000,&quot;infinite&quot;:&quot;yes&quot;,&quot;transition&quot;:&quot;slide&quot;,&quot;transition_speed&quot;:500,&quot;ekit_we_effect_on&quot;:&quot;none&quot;}\" data-widget_type=\"slides.default\">\n\t\t\t\t<div class=\"elementor-widget-container\">\n\t\t\t\t\t\t\t\t\t<div class=\"elementor-swiper\">\r\n\t\t\t\t\t<div class=\"elementor-slides-wrapper elementor-main-swiper swiper\" role=\"region\" aria-roledescription=\"carousel\" aria-label=\"Lysbilleder\" dir=\"ltr\" data-animation=\"fadeInUp\">\r\n\t\t\t\t<div class=\"swiper-wrapper elementor-slides\">\r\n\t\t\t\t\t\t\t\t\t\t<div class=\"elementor-repeater-item-b796e9b swiper-slide\" role=\"group\" aria-roledescription=\"slide\"><div class=\"swiper-slide-bg\" role=\"img\" aria-label=\"0b89eb25-81b3-4610-8f0f-cd6ce78e4ce2.__CR001464600_PT0_SX1464_V1___.jpg\"><\/div><div class=\"swiper-slide-inner\" ><div class=\"swiper-slide-contents\"><\/div><\/div><\/div><div class=\"elementor-repeater-item-786e65e swiper-slide\" role=\"group\" aria-roledescription=\"slide\"><div class=\"swiper-slide-bg\" role=\"img\" aria-label=\"69b2d1f3-a5af-4731-a04a-054842bcfd11.__CR001464600_PT0_SX1464_V1___.jpg\"><\/div><div class=\"swiper-slide-inner\" ><div class=\"swiper-slide-contents\"><\/div><\/div><\/div><div class=\"elementor-repeater-item-8345c89 swiper-slide\" role=\"group\" aria-roledescription=\"slide\"><div class=\"swiper-slide-bg\" role=\"img\" aria-label=\"7302b3ba-0d9a-4154-bf78-972d342e6d2d.__CR001464600_PT0_SX1464_V1___.jpg\"><\/div><div class=\"swiper-slide-inner\" ><div class=\"swiper-slide-contents\"><\/div><\/div><\/div><div class=\"elementor-repeater-item-d54a101 swiper-slide\" role=\"group\" aria-roledescription=\"slide\"><div class=\"swiper-slide-bg\" role=\"img\" aria-label=\"803917a5-2a56-4eb6-9e1b-f3f3cfd90df2.__CR001464600_PT0_SX1464_V1___.jpg\"><\/div><div class=\"swiper-slide-inner\" ><div class=\"swiper-slide-contents\"><\/div><\/div><\/div>\t\t\t\t<\/div>\r\n\t\t\t\t\t\t\t\t\t\t\t\t\t\t\t<div class=\"elementor-swiper-button elementor-swiper-button-prev\" role=\"button\" tabindex=\"0\" aria-label=\"Forrige slide\">\r\n\t\t\t\t\t\t\t<svg aria-hidden=\"true\" class=\"e-font-icon-svg e-eicon-chevron-left\" viewbox=\"0 0 1000 1000\" xmlns=\"http:\/\/www.w3.org\/2000\/svg\"><path d=\"M646 125C629 125 613 133 604 142L308 442C296 454 292 471 292 487 292 504 296 521 308 533L604 854C617 867 629 875 646 875 663 875 679 871 692 858 704 846 713 829 713 812 713 796 708 779 692 767L438 487 692 225C700 217 708 204 708 187 708 171 704 154 692 142 675 129 663 125 646 125Z\"><\/path><\/svg>\t\t\t\t\t\t<\/div>\r\n\t\t\t\t\t\t<div class=\"elementor-swiper-button elementor-swiper-button-next\" role=\"button\" tabindex=\"0\" aria-label=\"N\u00e6ste slide\">\r\n\t\t\t\t\t\t\t<svg aria-hidden=\"true\" class=\"e-font-icon-svg e-eicon-chevron-right\" viewbox=\"0 0 1000 1000\" xmlns=\"http:\/\/www.w3.org\/2000\/svg\"><path d=\"M696 533C708 521 713 504 713 487 713 471 708 454 696 446L400 146C388 133 375 125 354 125 338 125 325 129 313 142 300 154 292 171 292 187 292 204 296 221 308 233L563 492 304 771C292 783 288 800 288 817 288 833 296 850 308 863 321 871 338 875 354 875 371 875 388 867 400 854L696 533Z\"><\/path><\/svg>\t\t\t\t\t\t<\/div>\r\n\t\t\t\t\t\t\t\t\t\t\t\t\t\t\t\t<div class=\"swiper-pagination\"><\/div>\r\n\t\t\t\t\t\t\t\t\t\t\t\t<\/div>\r\n\t\t\t\t<\/div>\r\n\t\t\t\t\t\t\t\t<\/div>\n\t\t\t\t<\/div>\n\t\t\t\t\t<\/div>\n\t\t\t\t<\/div>\n\t\t<div class=\"elementor-element elementor-element-6fa62a8c e-flex e-con-boxed e-con e-parent\" data-id=\"6fa62a8c\" data-element_type=\"container\" data-settings=\"{&quot;ekit_has_onepagescroll_dot&quot;:&quot;yes&quot;}\">\n\t\t\t\t\t<div class=\"e-con-inner\">\n\t\t\t\t<div class=\"elementor-element elementor-element-74213752 elementor-widget elementor-widget-text-editor\" data-id=\"74213752\" data-element_type=\"widget\" data-settings=\"{&quot;ekit_we_effect_on&quot;:&quot;none&quot;}\" data-widget_type=\"text-editor.default\">\n\t\t\t\t<div class=\"elementor-widget-container\">\n\t\t\t\t\t\t\t\t\t<p class=\"description\"><strong><span class=\"a-text-bold\">Package Contents:<\/span><\/strong><\/p><ul class=\"a-unordered-list a-vertical\"><li><span class=\"a-list-item\">1 x Cat Tree<\/span><\/li><li><span class=\"a-list-item\">1 x Anti-tip Kit<\/span><\/li><li><span class=\"a-list-item\">1 x Accessory Bag<\/span><\/li><li><span class=\"a-list-item\">1 x Assembly Instructions<\/span><\/li><\/ul><p class=\"description\"><strong><span class=\"a-text-bold\">Hzuaneri Notes:<\/span><\/strong><\/p><ul class=\"a-unordered-list a-vertical\"><li><span class=\"a-list-item\">If your furry friend starts chewing or eating pom-poms or elastic bands, remove the toy and temporarily place it out of their reach.<\/span><\/li><li><span class=\"a-list-item\">If the cat hole is scratched or damaged by naughty paws, please repair or replace it before continuing to use it to avoid harm to your furry friend.<\/span><\/li><li><span class=\"a-list-item\">Since cats love to jump and play, mount the cat tree to the wall with the included anti-tip kit.<\/span><\/li><\/ul>\t\t\t\t\t\t\t\t<\/div>\n\t\t\t\t<\/div>\n\t\t\t\t\t<\/div>\n\t\t\t\t<\/div>\n\t\t\t\t<\/div>","protected":false},"excerpt":{"rendered":"<p>https:\/\/exploresales.shop\/wp-content\/uploads\/2026\/03\/video_2026-03-09_15-41-56-1.mp4 Product Information Target Audience Keyword Cats Directions Cats Warranty Description 1 Year Model Name Cat Tree Color Light Gray&#8230;<\/p>","protected":false},"featured_media":13485,"comment_status":"open","ping_status":"closed","template":"","meta":{"_acf_changed":false},"etheme_brands":[],"product_brand":[],"product_cat":[118],"product_tag":[],"class_list":{"0":"post-13484","1":"product","2":"type-product","3":"status-publish","4":"has-post-thumbnail","6":"product_cat-sale-shop","8":"first","9":"instock","10":"sale","11":"shipping-taxable","12":"purchasable","13":"product-type-simple"},"acf":[],"_links":{"self":[{"href":"https:\/\/exploresales.shop\/da\/wp-json\/wp\/v2\/product\/13484","targetHints":{"allow":["GET"]}}],"collection":[{"href":"https:\/\/exploresales.shop\/da\/wp-json\/wp\/v2\/product"}],"about":[{"href":"https:\/\/exploresales.shop\/da\/wp-json\/wp\/v2\/types\/product"}],"replies":[{"embeddable":true,"href":"https:\/\/exploresales.shop\/da\/wp-json\/wp\/v2\/comments?post=13484"}],"version-history":[{"count":4,"href":"https:\/\/exploresales.shop\/da\/wp-json\/wp\/v2\/product\/13484\/revisions"}],"predecessor-version":[{"id":13513,"href":"https:\/\/exploresales.shop\/da\/wp-json\/wp\/v2\/product\/13484\/revisions\/13513"}],"wp:featuredmedia":[{"embeddable":true,"href":"https:\/\/exploresales.shop\/da\/wp-json\/wp\/v2\/media\/13485"}],"wp:attachment":[{"href":"https:\/\/exploresales.shop\/da\/wp-json\/wp\/v2\/media?parent=13484"}],"wp:term":[{"taxonomy":"brand","embeddable":true,"href":"https:\/\/exploresales.shop\/da\/wp-json\/wp\/v2\/etheme_brands?post=13484"},{"taxonomy":"product_brand","embeddable":true,"href":"https:\/\/exploresales.shop\/da\/wp-json\/wp\/v2\/product_brand?post=13484"},{"taxonomy":"product_cat","embeddable":true,"href":"https:\/\/exploresales.shop\/da\/wp-json\/wp\/v2\/product_cat?post=13484"},{"taxonomy":"product_tag","embeddable":true,"href":"https:\/\/exploresales.shop\/da\/wp-json\/wp\/v2\/product_tag?post=13484"}],"curies":[{"name":"wp","href":"https:\/\/api.w.org\/{rel}","templated":true}]}}